{"id":113,"date":"2015-12-13T17:32:12","date_gmt":"2015-12-13T17:32:12","guid":{"rendered":"http:\/\/www.inesveraabogada.com\/?page_id=113"},"modified":"2015-12-29T01:01:14","modified_gmt":"2015-12-29T01:01:14","slug":"accidentes-de-trafico","status":"publish","type":"page","link":"https:\/\/www.inesveraabogada.com\/?page_id=113","title":{"rendered":"ACCIDENTES DE TR\u00c1FICO"},"content":{"rendered":"<p><strong>Las indemnizaciones econ\u00f3micas<\/strong> por las lesiones y da\u00f1os materiales provocados por accidentes de tr\u00e1fico son muy variadas en funci\u00f3n de los da\u00f1os, los d\u00edas de impedimento laboral, el tiempo de curaci\u00f3n de las lesiones, etc\u2026 Por ello es importante el asesoramiento legal desde el primer momento.<\/p>\n<p>Gestionamos la negociaci\u00f3n con la compa\u00f1\u00eda de seguros responsable e interponemos demanda judicial para obtener la m\u00e1xima indemnizaci\u00f3n de las v\u00edctimas de accidentes\u00a0conforme a los Baremos legalmente aprobados.<\/p>\n<p><strong>SOLO COBRAMOS SI USTED COBRA.<\/strong><\/p>\n<p>&nbsp;<\/p>\n","protected":false},"excerpt":{"rendered":"<p>Las indemnizaciones econ\u00f3micas por las lesiones y da\u00f1os materiales provocados por accidentes de tr\u00e1fico son muy variadas en funci\u00f3n de los da\u00f1os, los d\u00edas de impedimento laboral, el tiempo de curaci\u00f3n de las lesiones, etc\u2026 Por ello es importante el asesoramiento legal desde el primer momento. Gestionamos la negociaci\u00f3n con la compa\u00f1\u00eda de seguros responsable&#8230;<\/p>\n","protected":false},"author":1,"featured_media":0,"parent":0,"menu_order":0,"comment_status":"closed","ping_status":"closed","template":"","meta":[],"aioseo_notices":[],"_links":{"self":[{"href":"https:\/\/www.inesveraabogada.com\/index.php?rest_route=\/wp\/v2\/pages\/113"}],"collection":[{"href":"https:\/\/www.inesveraabogada.com\/index.php?rest_route=\/wp\/v2\/pages"}],"about":[{"href":"https:\/\/www.inesveraabogada.com\/index.php?rest_route=\/wp\/v2\/types\/page"}],"author":[{"embeddable":true,"href":"https:\/\/www.inesveraabogada.com\/index.php?rest_route=\/wp\/v2\/users\/1"}],"replies":[{"embeddable":true,"href":"https:\/\/www.inesveraabogada.com\/index.php?rest_route=%2Fwp%2Fv2%2Fcomments&post=113"}],"version-history":[{"count":2,"href":"https:\/\/www.inesveraabogada.com\/index.php?rest_route=\/wp\/v2\/pages\/113\/revisions"}],"predecessor-version":[{"id":144,"href":"https:\/\/www.inesveraabogada.com\/index.php?rest_route=\/wp\/v2\/pages\/113\/revisions\/144"}],"wp:attachment":[{"href":"https:\/\/www.inesveraabogada.com\/index.php?rest_route=%2Fwp%2Fv2%2Fmedia&parent=113"}],"curies":[{"name":"wp","href":"https:\/\/api.w.org\/{rel}","templated":true}]}}