{"id":132,"date":"2015-12-13T19:24:33","date_gmt":"2015-12-13T19:24:33","guid":{"rendered":"http:\/\/www.inesveraabogada.com\/?page_id=132"},"modified":"2021-04-07T19:10:56","modified_gmt":"2021-04-07T19:10:56","slug":"custodia-compartida","status":"publish","type":"page","link":"https:\/\/www.inesveraabogada.com\/?page_id=132","title":{"rendered":"CUSTODIA COMPARTIDA"},"content":{"rendered":"\n<div class=\"is-layout-flow wp-block-group alignwide\"><div class=\"wp-block-group__inner-container\">\n<div class=\"is-layout-flow wp-block-group\"><div class=\"wp-block-group__inner-container\">\n\n\n<h4 style=\"text-align: justify;\"><span style=\"color: #3366ff;\"><strong>En la modalidad de CUSTODIA COMPARTIDA, ambos progenitores a pesar de estar separados o divorciados, asumen sus obligaciones paternofiliales de una manera equilibrada y conjunta.<\/strong><\/span><\/h4>\n<p><a href=\"http:\/\/www.inesveraabogada.com\/wp-content\/uploads\/2020\/11\/AdobeStock_221412834-scaled.jpeg\"><img decoding=\"async\" loading=\"lazy\" class=\"size-medium wp-image-462 alignleft\" src=\"http:\/\/www.inesveraabogada.com\/wp-content\/uploads\/2020\/11\/AdobeStock_221412834-300x200.jpeg\" alt=\"\" width=\"300\" height=\"200\" srcset=\"https:\/\/www.inesveraabogada.com\/wp-content\/uploads\/2020\/11\/AdobeStock_221412834-300x200.jpeg 300w, https:\/\/www.inesveraabogada.com\/wp-content\/uploads\/2020\/11\/AdobeStock_221412834-1024x683.jpeg 1024w, https:\/\/www.inesveraabogada.com\/wp-content\/uploads\/2020\/11\/AdobeStock_221412834-768x512.jpeg 768w, https:\/\/www.inesveraabogada.com\/wp-content\/uploads\/2020\/11\/AdobeStock_221412834-2048x1365.jpeg 2048w, https:\/\/www.inesveraabogada.com\/wp-content\/uploads\/2020\/11\/AdobeStock_221412834-380x252.jpeg 380w\" sizes=\"(max-width: 300px) 100vw, 300px\" \/><\/a><\/p>\n<p>\u00a0<\/p>\n<p style=\"text-align: justify;\"><strong><span style=\"color: #3366ff;\">La corresponsabilidad parental<\/span><\/strong> es una exigencia a l<span style=\"background-color: #ffffff;\">os progenitores <\/span>que progresivamente se va implantando en las sentencias judiciales ya sea con un amplio r\u00e9gimen de visitas \u00a0o con una custodia compartida.<\/p>\n<p style=\"text-align: justify;\">Se est\u00e1\u00a0 produciendo un cambio notable de la realidad social y de la jurisprudencial, fundado en estudios psicol\u00f3gicos que aconsejan que la custodia compartida se considere como el sistema m\u00e1s razonable en inter\u00e9s del menor.<\/p>\n<p style=\"text-align: justify;\">Desde que en 2005 se introdujera en nuestra legislaci\u00f3n la figura de la custodia compartida en <span style=\"color: #0000ff;\">el art\u00edculo 92 del C\u00f3digo Civil<\/span>, los jueces la han ido aplicando en la mayor\u00eda de los casos por acuerdo entre las partes.<\/p>\n<p style=\"text-align: justify;\">En los \u00faltimos 5 a\u00f1os el Tribunal Supremo se ha pronunciado sobre numerosas cuestiones relacionadas en torno a la interpretaci\u00f3n del art\u00edculo 92 del C\u00f3digo Civil y la determinaci\u00f3n del inter\u00e9s superior del menor, creando <strong>un cuerpo de doctrina jurisprudencial <\/strong>que est\u00e1 constituyendo un marco jur\u00eddico fundamental en el que se apoya actualmente la jurisprudencia menor, que va evolucionando hacia una doctrina m\u00e1s abierta y acorde con<strong> la guarda y custodia compartida.<\/strong><\/p>\n<p>Con este sistema de custodia compartida, dice el Tribunal Supremo en\u00a0 la <strong>Sentencia 758\/2013, de 25 de noviembre<\/strong>:<\/p>\n<p style=\"text-align: left;\">\u00ab<em>a) Se fomenta la integraci\u00f3n del menor con ambos padres, evitando<\/em><\/p>\n<p style=\"text-align: left;\"><em>desequilibrios en los tiempos de presencia.<\/em><\/p>\n<p style=\"text-align: left;\"><em>b) Se evita el sentimiento de p\u00e9rdida.<\/em><\/p>\n<p style=\"text-align: left;\"><em>c) No se cuestiona la idoneidad de los progenitores.<\/em><\/p>\n<p style=\"text-align: left;\"><em>d) Se estimula la cooperaci\u00f3n de los padres, en beneficio del menor, que ya se\u00a0<\/em><em>ha venido desarrollando con eficiencia<\/em>\u00bb<em>.<\/em><\/p>\n<p>El Alto Tribunal recoge una serie de criterios a tener en cuenta para justificar el inter\u00e9s del menor a la hora de adoptar la custodia compartida:<\/p>\n<p><strong>1\u00ba) La pr\u00e1ctica anterior de los progenitores en sus relaciones con el menor y sus aptitudes personales, (refiri\u00e9ndose a las caracter\u00edsticas de madurez personal de los progenitores)<\/strong>.<\/p>\n<p><strong>2\u00ba) Los deseos manifestados por los menores. Es un derecho recogido en el apartado 2\u00ba del art. 92 CC.<\/strong><\/p>\n<p><strong>3\u00ba) El n\u00famero de hijos<\/strong>.\u00a0El criterio es que debe evitarse la separaci\u00f3n de los hermanos<\/p>\n<p><strong>4\u00ba) El cumplimiento por parte de los progenitores de sus deberes en relaci\u00f3n con los hijos y <u>el respeto mutuo<\/u> en sus relaciones personales.<\/strong><\/p>\n<p><strong>5\u00ba) El resultado de los informes exigidos legalmente. <\/strong><\/p>\n<p><strong>6\u00ba) Y en definitiva cualquier otro que permita a los menores una vida adecuada<\/strong>.<\/p>\n<p><strong><u>No es una lista cerrada de criterios<\/u><\/strong>, la casu\u00edstica es muy variada y poco a poco se van incorporando por la jurisprudencia algunos otros elementos nuevos a tener en cuenta, como la distancia entre los domicilios, los criterios educativos que mantienen los progenitores.<\/p>\n<\/div><\/div>\n<\/div><\/div>\n","protected":false},"excerpt":{"rendered":"<p>En la modalidad de CUSTODIA COMPARTIDA, ambos progenitores a pesar de estar separados o divorciados, asumen sus obligaciones paternofiliales de una manera equilibrada y conjunta. \u00a0 La corresponsabilidad parental es una exigencia a los progenitores que progresivamente se va implantando en las sentencias judiciales ya sea con un amplio r\u00e9gimen de visitas \u00a0o con una&#8230;<\/p>\n","protected":false},"author":1,"featured_media":0,"parent":0,"menu_order":0,"comment_status":"closed","ping_status":"closed","template":"","meta":[],"aioseo_notices":[],"_links":{"self":[{"href":"https:\/\/www.inesveraabogada.com\/index.php?rest_route=\/wp\/v2\/pages\/132"}],"collection":[{"href":"https:\/\/www.inesveraabogada.com\/index.php?rest_route=\/wp\/v2\/pages"}],"about":[{"href":"https:\/\/www.inesveraabogada.com\/index.php?rest_route=\/wp\/v2\/types\/page"}],"author":[{"embeddable":true,"href":"https:\/\/www.inesveraabogada.com\/index.php?rest_route=\/wp\/v2\/users\/1"}],"replies":[{"embeddable":true,"href":"https:\/\/www.inesveraabogada.com\/index.php?rest_route=%2Fwp%2Fv2%2Fcomments&post=132"}],"version-history":[{"count":23,"href":"https:\/\/www.inesveraabogada.com\/index.php?rest_route=\/wp\/v2\/pages\/132\/revisions"}],"predecessor-version":[{"id":578,"href":"https:\/\/www.inesveraabogada.com\/index.php?rest_route=\/wp\/v2\/pages\/132\/revisions\/578"}],"wp:attachment":[{"href":"https:\/\/www.inesveraabogada.com\/index.php?rest_route=%2Fwp%2Fv2%2Fmedia&parent=132"}],"curies":[{"name":"wp","href":"https:\/\/api.w.org\/{rel}","templated":true}]}}