{"id":137,"date":"2015-12-14T10:35:53","date_gmt":"2015-12-14T10:35:53","guid":{"rendered":"http:\/\/www.inesveraabogada.com\/?page_id=137"},"modified":"2015-12-14T10:35:53","modified_gmt":"2015-12-14T10:35:53","slug":"jurisprudencia-del-tribunal-supremo-sobre-la-custodia-compartida","status":"publish","type":"page","link":"https:\/\/www.inesveraabogada.com\/?page_id=137","title":{"rendered":"JURISPRUDENCIA DEL TRIBUNAL SUPREMO SOBRE LA CUSTODIA COMPARTIDA"},"content":{"rendered":"<p>&nbsp;<\/p>\n<p><em>L<strong>a Sentencia del Tribunal Supremo <strong>de 29 de abril de 2013<\/strong> consagra la l\u00ednea jurisprudencial que ven\u00eda manteniendo la propia Sala en sentencias anteriores<\/strong><\/em><\/p>\n<p><em>La interpretaci\u00f3n del art\u00edculo 92, 5 , 6 y 7 del CC debe estar fundada <strong>en el inter\u00e9s de los menores<\/strong> que van a quedar afectados por la medida que se deba tomar de guarda y custodia compartida, que se acordar\u00e1 <strong>cuando concurran alguno de los criterios reiterados por esta Sala<\/strong> tales como <strong>la pr\u00e1ctica anterior de los progenitores en sus relaciones con el menor y sus aptitudes personales<\/strong>; <strong>los deseos manifestados por los menores competentes;<\/strong> <strong>el n\u00famero de hijos<\/strong>; <strong>el cumplimiento por parte de los progenitores de sus deberes en relaci\u00f3n con los hijos<\/strong> y <strong>el respeto mutuo <\/strong>en sus relaciones personales; <strong>el resultado de los informes exigidos legalmente<\/strong>, y, en definitiva, <strong>cualquier otro que permita<\/strong> a los menores una vida adecuada, aunque en la pr\u00e1ctica pueda ser m\u00e1s compleja que la que se lleva a cabo cuando los progenitores conviven. Se\u00f1alando que la redacci\u00f3n del art\u00edculo 92 <strong>no permite concluir que se trate de una medida excepcional<\/strong>, sino que al contrario, habr\u00e1 de considerarse <strong>normal e incluso deseable<\/strong>, porque permite que sea efectivo el derecho que los hijos tienen a relacionarse con ambos progenitores, aun en situaciones de crisis, <strong>siempre que ello sea posible y en tanto en cuanto lo sea<\/strong>\u00bb <\/em><\/p>\n","protected":false},"excerpt":{"rendered":"<p>&nbsp; La Sentencia del Tribunal Supremo de 29 de abril de 2013 consagra la l\u00ednea jurisprudencial que ven\u00eda manteniendo la propia Sala en sentencias anteriores La interpretaci\u00f3n del art\u00edculo 92, 5 , 6 y 7 del CC debe estar fundada en el inter\u00e9s de los menores que van a quedar afectados por la medida que&#8230;<\/p>\n","protected":false},"author":1,"featured_media":0,"parent":0,"menu_order":0,"comment_status":"closed","ping_status":"closed","template":"","meta":[],"aioseo_notices":[],"_links":{"self":[{"href":"https:\/\/www.inesveraabogada.com\/index.php?rest_route=\/wp\/v2\/pages\/137"}],"collection":[{"href":"https:\/\/www.inesveraabogada.com\/index.php?rest_route=\/wp\/v2\/pages"}],"about":[{"href":"https:\/\/www.inesveraabogada.com\/index.php?rest_route=\/wp\/v2\/types\/page"}],"author":[{"embeddable":true,"href":"https:\/\/www.inesveraabogada.com\/index.php?rest_route=\/wp\/v2\/users\/1"}],"replies":[{"embeddable":true,"href":"https:\/\/www.inesveraabogada.com\/index.php?rest_route=%2Fwp%2Fv2%2Fcomments&post=137"}],"version-history":[{"count":1,"href":"https:\/\/www.inesveraabogada.com\/index.php?rest_route=\/wp\/v2\/pages\/137\/revisions"}],"predecessor-version":[{"id":139,"href":"https:\/\/www.inesveraabogada.com\/index.php?rest_route=\/wp\/v2\/pages\/137\/revisions\/139"}],"wp:attachment":[{"href":"https:\/\/www.inesveraabogada.com\/index.php?rest_route=%2Fwp%2Fv2%2Fmedia&parent=137"}],"curies":[{"name":"wp","href":"https:\/\/api.w.org\/{rel}","templated":true}]}}