{"id":264,"date":"2016-01-15T12:21:49","date_gmt":"2016-01-15T12:21:49","guid":{"rendered":"http:\/\/www.inesveraabogada.com\/?page_id=264"},"modified":"2016-01-15T12:21:49","modified_gmt":"2016-01-15T12:21:49","slug":"una-sentencia-pionera-en-cadiz-abre-paso-a-la-devolucion-total-en-las-clausulas-suelo","status":"publish","type":"page","link":"https:\/\/www.inesveraabogada.com\/?page_id=264","title":{"rendered":"Una sentencia pionera en C\u00e1diz abre paso a la devoluci\u00f3n total en las cl\u00e1usulas suelo"},"content":{"rendered":"<p>Se rompe un muro en cuanto a la <strong>reclamaci\u00f3n de los ciudadanos sobre las hipotecas<\/strong> en C\u00e1diz. El Juzgado de lo Mercantil n\u00famero 1 ha dictaminado una sentencia pionera en la provincia sobre la nulidad de la cl\u00e1usulas suelo, que actualmente es la primera causa de las quejas presentadas por los usuarios ante Consumo. La cl\u00e1usula suelo, que se incluye en casi todos los pr\u00e9stamos de vivienda, es la que impide que muchas familias se vean beneficiadas de la bajada de los tipos de inter\u00e9s -Eur\u00edbor-, y que no se les reduzca la cuota mensual.<\/p>\n<p>FUENTE:\u00a0http:\/\/www.lavozdigital.es\/cadiz\/provincia\/lvdi-sentencia-pionera-cadiz-abre-paso-devolucion-total-clausulas-suelo-201601042249_noticia.html?ref_m2w=https:\/\/t.co\/Vir1EE14TM<\/p>\n<p>&nbsp;<\/p>\n","protected":false},"excerpt":{"rendered":"<p>Se rompe un muro en cuanto a la reclamaci\u00f3n de los ciudadanos sobre las hipotecas en C\u00e1diz. El Juzgado de lo Mercantil n\u00famero 1 ha dictaminado una sentencia pionera en la provincia sobre la nulidad de la cl\u00e1usulas suelo, que actualmente es la primera causa de las quejas presentadas por los usuarios ante Consumo. La&#8230;<\/p>\n","protected":false},"author":1,"featured_media":0,"parent":0,"menu_order":0,"comment_status":"closed","ping_status":"closed","template":"","meta":[],"aioseo_notices":[],"_links":{"self":[{"href":"https:\/\/www.inesveraabogada.com\/index.php?rest_route=\/wp\/v2\/pages\/264"}],"collection":[{"href":"https:\/\/www.inesveraabogada.com\/index.php?rest_route=\/wp\/v2\/pages"}],"about":[{"href":"https:\/\/www.inesveraabogada.com\/index.php?rest_route=\/wp\/v2\/types\/page"}],"author":[{"embeddable":true,"href":"https:\/\/www.inesveraabogada.com\/index.php?rest_route=\/wp\/v2\/users\/1"}],"replies":[{"embeddable":true,"href":"https:\/\/www.inesveraabogada.com\/index.php?rest_route=%2Fwp%2Fv2%2Fcomments&post=264"}],"version-history":[{"count":1,"href":"https:\/\/www.inesveraabogada.com\/index.php?rest_route=\/wp\/v2\/pages\/264\/revisions"}],"predecessor-version":[{"id":266,"href":"https:\/\/www.inesveraabogada.com\/index.php?rest_route=\/wp\/v2\/pages\/264\/revisions\/266"}],"wp:attachment":[{"href":"https:\/\/www.inesveraabogada.com\/index.php?rest_route=%2Fwp%2Fv2%2Fmedia&parent=264"}],"curies":[{"name":"wp","href":"https:\/\/api.w.org\/{rel}","templated":true}]}}