{"id":37,"date":"2015-08-08T10:01:52","date_gmt":"2015-08-08T10:01:52","guid":{"rendered":"http:\/\/www.inesveraabogada.com\/?page_id=37"},"modified":"2016-01-15T12:37:41","modified_gmt":"2016-01-15T12:37:41","slug":"clausula-suelo","status":"publish","type":"page","link":"https:\/\/www.inesveraabogada.com\/?page_id=37","title":{"rendered":"CL\u00c1USULA SUELO"},"content":{"rendered":"<p>El <b>suelo hipotecario<\/b> es una cl\u00e1usula contractual que establece un m\u00ednimo a pagar en las cuotas de la hipoteca. En nuestro despacho somos abogados especialistas en cl\u00e1usulas suelo.<\/p>\n<p>Ademas les revisamos su hipoteca para detectar deficiencias en la misma que puedan dar lugar a una reclamaci\u00f3n al banco, con petici\u00f3n de cantidad.<\/p>\n<p><span style=\"text-decoration: underline;\"><strong>S\u00f3lo cobramos cuando hemos conseguido nuestro fin.<\/strong><\/span><\/p>\n<p><strong>NOTICIA:<\/strong><\/p>\n<p>\u00abSe rompe un muro en cuanto a la <strong>reclamaci\u00f3n de los ciudadanos sobre las hipotecas<\/strong> en C\u00e1diz. El Juzgado de lo Mercantil n\u00famero 1 ha dictaminado una sentencia pionera en la provincia sobre la nulidad de la cl\u00e1usulas suelo, que actualmente es la primera causa de las quejas presentadas por los usuarios ante Consumo. La cl\u00e1usula suelo, que se incluye en casi todos los pr\u00e9stamos de vivienda, es la que impide que muchas familias se vean beneficiadas de la bajada de los tipos de inter\u00e9s -Eur\u00edbor-, y que no se les reduzca la cuota mensual.<\/p>\n<p>La <strong>novedad<\/strong> en este fallo no es la declaraci\u00f3n nula de esta cl\u00e1usula, m\u00e1s habitual desde la sentencia del Supremo de mayo de 2013, sino que adem\u00e1s el juez considera que el banco debe devolver a los demandantes la totalidad de lo cobrado de m\u00e1s por esa cl\u00e1usula desde el inicio del pr\u00e9stamo, es decir, el reintegro de las cantidades tendr\u00e1 que ser con <strong>car\u00e1cter retroactivo<\/strong> y no desde los \u00faltimos dos a\u00f1os\u00bb. FUENTE.<\/p>\n<p>http:\/\/www.lavozdigital.es\/cadiz\/provincia\/lvdi-sentencia-pionera-cadiz-abre-paso-devolucion-total-clausulas-suelo-201601042249_noticia.html<\/p>\n<p>&nbsp;<\/p>\n<p>&nbsp;<\/p>\n","protected":false},"excerpt":{"rendered":"<p>El suelo hipotecario es una cl\u00e1usula contractual que establece un m\u00ednimo a pagar en las cuotas de la hipoteca. En nuestro despacho somos abogados especialistas en cl\u00e1usulas suelo. Ademas les revisamos su hipoteca para detectar deficiencias en la misma que puedan dar lugar a una reclamaci\u00f3n al banco, con petici\u00f3n de cantidad. S\u00f3lo cobramos cuando&#8230;<\/p>\n","protected":false},"author":1,"featured_media":0,"parent":0,"menu_order":0,"comment_status":"closed","ping_status":"closed","template":"","meta":[],"aioseo_notices":[],"_links":{"self":[{"href":"https:\/\/www.inesveraabogada.com\/index.php?rest_route=\/wp\/v2\/pages\/37"}],"collection":[{"href":"https:\/\/www.inesveraabogada.com\/index.php?rest_route=\/wp\/v2\/pages"}],"about":[{"href":"https:\/\/www.inesveraabogada.com\/index.php?rest_route=\/wp\/v2\/types\/page"}],"author":[{"embeddable":true,"href":"https:\/\/www.inesveraabogada.com\/index.php?rest_route=\/wp\/v2\/users\/1"}],"replies":[{"embeddable":true,"href":"https:\/\/www.inesveraabogada.com\/index.php?rest_route=%2Fwp%2Fv2%2Fcomments&post=37"}],"version-history":[{"count":7,"href":"https:\/\/www.inesveraabogada.com\/index.php?rest_route=\/wp\/v2\/pages\/37\/revisions"}],"predecessor-version":[{"id":361,"href":"https:\/\/www.inesveraabogada.com\/index.php?rest_route=\/wp\/v2\/pages\/37\/revisions\/361"}],"wp:attachment":[{"href":"https:\/\/www.inesveraabogada.com\/index.php?rest_route=%2Fwp%2Fv2%2Fmedia&parent=37"}],"curies":[{"name":"wp","href":"https:\/\/api.w.org\/{rel}","templated":true}]}}