{"id":379,"date":"2020-05-07T18:48:27","date_gmt":"2020-05-07T18:48:27","guid":{"rendered":"http:\/\/www.inesveraabogada.com\/?page_id=379"},"modified":"2020-11-18T11:11:18","modified_gmt":"2020-11-18T11:11:18","slug":"derecho-de-familia-2","status":"publish","type":"page","link":"https:\/\/www.inesveraabogada.com\/?page_id=379","title":{"rendered":"Derecho de Familia"},"content":{"rendered":"\n<figure class=\"wp-block-image\"><a href=\"http:\/\/www.inesveraabogada.com\/wp-content\/uploads\/2015\/12\/inesvderechofaMILIa-e1451348465559.jpg\"><img decoding=\"async\" loading=\"lazy\" width=\"300\" height=\"108\" src=\"http:\/\/www.inesveraabogada.com\/wp-content\/uploads\/2015\/12\/inesvderechofaMILIa-300x108.jpg\" alt=\"inesvderechofaMILIa\" class=\"wp-image-159\"\/><\/a><\/figure>\n\n\n\n<p>\u00a0<strong>El Derecho de Familia<\/strong> regula el \u00e1mbito m\u00e1s importante de la vida de cualquier persona despu\u00e9s de una ruptura matrimonial, <strong>sus relaciones con los\u00a0hijos y\u00a0las consecuencias econ\u00f3micas que la misma acarrea.<\/strong><\/p>\n\n\n\n<p><em>\u201cEs probable que la conmoci\u00f3n que representa el divorcio no pueda compararse en complejidad e implicaciones con ninguna otra crisis de la vida del adulto y de la vida del ni\u00f1o, y los cambios vitales que preceden y que le siguen jugar\u00e1n un papel determinante en el futuro emocional y personal de padres e hijos\u201d (M\u00aaJes\u00fas Mardomingo psiquiatra infantil, 2012,p.143)<\/em><\/p>\n\n\n\n<p>La complejidad de la situaci\u00f3n requiere una especial atenci\u00f3n y un asesoramiento personalizado a cada caso concreto,<strong> no hay dos familias iguales.<\/strong><\/p>\n\n\n\n<p>En nuestro despacho, nos esforzamos por conseguir, en la medida de lo posible, una salida del conflicto que causen perjuicios innecesarios a las partes implicadas, abordando la situaci\u00f3n de forma cooperativa no como un enfrentamiento.<\/p>\n\n\n\n<p>Las \u00e1reas jur\u00eddicas son:<\/p>\n\n\n\n<p>&#8211;<strong> Divorcios y separaciones<\/strong>,tanto si se producen de mutuo acuerdo o de forma contenciosa<\/p>\n\n\n\n<ul><li>Modificaci\u00f3n de Medidas.<\/li><li>Ejecuci\u00f3n de sentencias judiciales.<\/li><li><strong>Custodia Compartida<\/strong>, r\u00e9gimen de visitas, pensi\u00f3n de alimentos.<\/li><li>Liquidaci\u00f3n del r\u00e9gimen econ\u00f3mico matrimonial.<\/li><li>Asesoramiento en&nbsp;<strong>incumplimientos de r\u00e9gimen de visitas, impago pago de pensiones<\/strong>, discrepancia en el ejercicio de la patria potestad,&nbsp;<strong>cambios de residencia<\/strong>, colegio, ejecuci\u00f3n de&nbsp;<strong>gastos extraordinarios<\/strong>\u2026).<\/li><\/ul>\n\n\n\n<p>&#8211;&nbsp;R\u00e9gimen de<strong>&nbsp;visitas para abuelos.<\/strong><\/p>\n","protected":false},"excerpt":{"rendered":"<p>\u00a0El Derecho de Familia regula el \u00e1mbito m\u00e1s importante de la vida de cualquier persona despu\u00e9s de una ruptura matrimonial, sus relaciones con los\u00a0hijos y\u00a0las consecuencias econ\u00f3micas que la misma acarrea. \u201cEs probable que la conmoci\u00f3n que representa el divorcio no pueda compararse en complejidad e implicaciones con ninguna otra crisis de la vida del&#8230;<\/p>\n","protected":false},"author":1,"featured_media":0,"parent":0,"menu_order":0,"comment_status":"closed","ping_status":"closed","template":"","meta":[],"aioseo_notices":[],"_links":{"self":[{"href":"https:\/\/www.inesveraabogada.com\/index.php?rest_route=\/wp\/v2\/pages\/379"}],"collection":[{"href":"https:\/\/www.inesveraabogada.com\/index.php?rest_route=\/wp\/v2\/pages"}],"about":[{"href":"https:\/\/www.inesveraabogada.com\/index.php?rest_route=\/wp\/v2\/types\/page"}],"author":[{"embeddable":true,"href":"https:\/\/www.inesveraabogada.com\/index.php?rest_route=\/wp\/v2\/users\/1"}],"replies":[{"embeddable":true,"href":"https:\/\/www.inesveraabogada.com\/index.php?rest_route=%2Fwp%2Fv2%2Fcomments&post=379"}],"version-history":[{"count":2,"href":"https:\/\/www.inesveraabogada.com\/index.php?rest_route=\/wp\/v2\/pages\/379\/revisions"}],"predecessor-version":[{"id":451,"href":"https:\/\/www.inesveraabogada.com\/index.php?rest_route=\/wp\/v2\/pages\/379\/revisions\/451"}],"wp:attachment":[{"href":"https:\/\/www.inesveraabogada.com\/index.php?rest_route=%2Fwp%2Fv2%2Fmedia&parent=379"}],"curies":[{"name":"wp","href":"https:\/\/api.w.org\/{rel}","templated":true}]}}