{"id":406,"date":"2020-05-14T20:54:58","date_gmt":"2020-05-14T20:54:58","guid":{"rendered":"http:\/\/www.inesveraabogada.com\/?page_id=406"},"modified":"2020-05-15T07:39:10","modified_gmt":"2020-05-15T07:39:10","slug":"procedimiento-especial-y-sumario-en-derecho-de-familia-por-la-crisis-del-covid-19","status":"publish","type":"page","link":"https:\/\/www.inesveraabogada.com\/?page_id=406","title":{"rendered":"Procedimiento especial y sumario en derecho de familia por la crisis del COVID-19."},"content":{"rendered":"\n<p> <\/p>\n\n\n\n<p>Como consecuencia de la grave crisis sanitaria, econ\u00f3mica y judicial que el\u00a0<strong>COVID 19\u00a0<\/strong>ha generado, por parte del Gobierno se han dictada nuevas\u00a0 nuevas medidas en el \u00e1mbito de<strong>l Derecho de Familia<\/strong>\u00a0con el fin agilizar los procedimientos relacionados con el Derecho Matrimonial y cuestiones anejas al mismo. <\/p>\n\n\n\n<p>El\u00a0<a rel=\"noreferrer noopener\" href=\"https:\/\/www.iberley.es\/legislacion\/rd-ley-16-2020-28-abr-medidas-procesales-organizativas-covid-19-ambito-admon-justicia-26547197\" target=\"_blank\">Real Decreto-ley 16\/2020, de 28 de abril<\/a>, de medidas procesales y organizativas para hacer frente al COVID-19 en el \u00e1mbito de la Administraci\u00f3n de Justicia, establece la regulaci\u00f3n  de un nuevo procedimiento especial y sumario\u00a0para la resoluci\u00f3n de cuestiones relativas al derecho de familia\u00a0directamente derivadas de la crisis del COVID-19.<\/p>\n\n\n\n<p>Las nuevas medidas pretender agilizar los procedimientos acumulados<\/p>\n\n\n\n<p><strong>Durante la vigencia del estado de alarma y hasta 3 meses despu\u00e9s de su finalizaci\u00f3n<\/strong>, se decidir\u00e1n por este procedimiento las siguientes&nbsp;<strong>demandas<\/strong>:<\/p>\n\n\n\n<ul><li> <strong>Demanda para recuperar el tiempo que no se ha podido disfrutar con el hijo com\u00fan<\/strong>. Durante el confinamiento  muchos progenitores hayan visto alterada su relaci\u00f3n con sus hijos por las restricciones de movimiento durante el estado de alarma.<\/li><li> Demanda de <strong>Modificaci\u00f3n de<\/strong>\u00a0medidas definitivas sobre\u00a0<strong>cargas del matrimonio<\/strong>,\u00a0pensiones alimenticias y <strong>pensiones  compensatorias<\/strong>\u00a0como consecuencia de la modificaci\u00f3n sustancial en las condiciones econ\u00f3micas del  progenitor como consecuencia de la crisis sanitaria del COVID-19. <\/li><li>Demandas para revisar la obligaci\u00f3n <strong>de prestar alimentos entre parientes\u00a0<\/strong>como consecuencia de haber variado sustancialmente las circunstancias econ\u00f3micas del pariente obligado a dicha prestaci\u00f3n alimenticia como consecuencia de la crisis sanitaria producida por el COVID-19.<\/li><\/ul>\n\n\n\n<p>Podemos ayudarte a resolver tus problemas. Cons\u00faltenos. Primera consulta gratuita.<\/p>\n\n\n\n<p><\/p>\n","protected":false},"excerpt":{"rendered":"<p>Como consecuencia de la grave crisis sanitaria, econ\u00f3mica y judicial que el\u00a0COVID 19\u00a0ha generado, por parte del Gobierno se han dictada nuevas\u00a0 nuevas medidas en el \u00e1mbito del Derecho de Familia\u00a0con el fin agilizar los procedimientos relacionados con el Derecho Matrimonial y cuestiones anejas al mismo. El\u00a0Real Decreto-ley 16\/2020, de 28 de abril, de medidas&#8230;<\/p>\n","protected":false},"author":1,"featured_media":0,"parent":0,"menu_order":0,"comment_status":"closed","ping_status":"closed","template":"","meta":[],"aioseo_notices":[],"_links":{"self":[{"href":"https:\/\/www.inesveraabogada.com\/index.php?rest_route=\/wp\/v2\/pages\/406"}],"collection":[{"href":"https:\/\/www.inesveraabogada.com\/index.php?rest_route=\/wp\/v2\/pages"}],"about":[{"href":"https:\/\/www.inesveraabogada.com\/index.php?rest_route=\/wp\/v2\/types\/page"}],"author":[{"embeddable":true,"href":"https:\/\/www.inesveraabogada.com\/index.php?rest_route=\/wp\/v2\/users\/1"}],"replies":[{"embeddable":true,"href":"https:\/\/www.inesveraabogada.com\/index.php?rest_route=%2Fwp%2Fv2%2Fcomments&post=406"}],"version-history":[{"count":3,"href":"https:\/\/www.inesveraabogada.com\/index.php?rest_route=\/wp\/v2\/pages\/406\/revisions"}],"predecessor-version":[{"id":412,"href":"https:\/\/www.inesveraabogada.com\/index.php?rest_route=\/wp\/v2\/pages\/406\/revisions\/412"}],"wp:attachment":[{"href":"https:\/\/www.inesveraabogada.com\/index.php?rest_route=%2Fwp%2Fv2%2Fmedia&parent=406"}],"curies":[{"name":"wp","href":"https:\/\/api.w.org\/{rel}","templated":true}]}}