{"id":424,"date":"2020-06-04T19:38:17","date_gmt":"2020-06-04T19:38:17","guid":{"rendered":"http:\/\/www.inesveraabogada.com\/?page_id=424"},"modified":"2021-06-01T17:37:27","modified_gmt":"2021-06-01T17:37:27","slug":"divorcio-preguntas-frecuentes","status":"publish","type":"page","link":"https:\/\/www.inesveraabogada.com\/?page_id=424","title":{"rendered":"DIVORCIO: PREGUNTAS FRECUENTES."},"content":{"rendered":"\n<p><strong>Divorciarse es una decisi\u00f3n dif\u00edcil de afrontar que plantea muchas dudas. Entre las preguntas m\u00e1s habituales se encuentran las siguientes:<\/strong><\/p>\n\n\n\n<p><strong>1.- \u00bfPuedo divorciarme aunque mi c\u00f3nyuge no est\u00e9 de acuerdo?<\/strong><\/p>\n\n\n\n<p><strong>S\u00ed<\/strong>, no es necesaria justificar causa alguna para la separaci\u00f3n o el divorcio. Actualmente es suficiente con que uno de los c\u00f3nyuges solicite la separaci\u00f3n o el divorcio para que el juez la conceda.<\/p>\n\n\n\n<p><\/p>\n\n\n\n<p><strong>2.- \u00bfQu\u00e9 es el CONVENIO REGULADOR?<\/strong>  <\/p>\n\n\n\n<div class=\"is-layout-flow wp-block-group alignwide\"><div class=\"wp-block-group__inner-container\">\n<div class=\"wp-block-media-text alignwide has-media-on-the-right is-vertically-aligned-top\"><figure class=\"wp-block-media-text__media\"><img decoding=\"async\" loading=\"lazy\" width=\"640\" height=\"367\" src=\"https:\/\/www.inesveraabogada.com\/wp-content\/uploads\/2021\/03\/money-2724245_640-1.jpg\" alt=\"\" class=\"wp-image-549\" srcset=\"https:\/\/www.inesveraabogada.com\/wp-content\/uploads\/2021\/03\/money-2724245_640-1.jpg 640w, https:\/\/www.inesveraabogada.com\/wp-content\/uploads\/2021\/03\/money-2724245_640-1-300x172.jpg 300w\" sizes=\"(max-width: 640px) 100vw, 640px\" \/><\/figure><div class=\"wp-block-media-text__content\">\n<ul><li><strong> El Convenio Regulador<\/strong> es el acuerdo de los c\u00f3nyuges en el que , tras la ruptura del matrimonio, se regulan todas las consecuencias jur\u00eddicas del mismo relacionados con la guarda y custodia de los hijos, el uso y disfrute de la vivienda familiar, las cargas del matrimonio o la liquidaci\u00f3n del r\u00e9gimen econ\u00f3mico matrimonial. <\/li><li>A mayor consenso entre los c\u00f3nyuges, mas posibilidades de alcanzar soluciones mas beneficiosas para ambos a nivel econ\u00f3mico y personal.<\/li><li>Cada matrimonio requiere de un an\u00e1lisis particular para escoger las medidas que mejor se adapten a sus circunstancias. <\/li><\/ul>\n<\/div><\/div>\n<\/div><\/div>\n\n\n\n<p><strong>El contenido del Convenio Regulador viene previsto<\/strong> <strong>en el art\u00edculo 90  del C\u00f3digo C<\/strong>ivil:<\/p>\n\n\n\n<p><em>\u00abEl convenio regulador a que se refieren <strong>los&nbsp;art\u00edculos 81 y 86 C\u00f3digo Civil, <\/strong>deberi\u00e1 contener, al menos, los siguientes extremos:<\/em><\/p>\n\n\n\n<ul><li><strong>a)&nbsp;<\/strong><em>El cuidado de los hijos sujetos a la patria potestad de ambos, el ejercicio de \u00e9sta y, en su caso, el r\u00e9gimen de comunicaci\u00f3n y estancia de los hijos con el progenitor que no viva habitualmente con ellos.<\/em><\/li><li><strong>b)&nbsp;<\/strong><em>Si se considera necesario, el r\u00e9gimen de visitas y comunicaci\u00f3n de los nietos con sus abuelos, teniendo en cuenta, siempre, el inter\u00e9s de aquellos.<\/em><\/li><li><strong>c)&nbsp;<\/strong><em>La atribuci\u00f3n del uso de la vivienda y ajuar familiar.<\/em><\/li><li><strong>d)&nbsp;<\/strong><em>La contribuci\u00f3n a las cargas del matrimonio y alimentos, as\u00ed como sus bases de actualizaci\u00f3n y garant\u00edas, en su caso.<\/em><\/li><li><strong>e)&nbsp;<\/strong><em>La liquidaci\u00f3n, cuando proceda, del r\u00e9gimen econ\u00f3mico del matrimonio.<\/em><\/li><li>f) La pensi\u00f3n que, conforme al&nbsp;<strong>art\u00edculo 97 CC<\/strong>, correspondiere satisfacer, en su caso, a uno de los c\u00f3nyuges\u00bb.<\/li><\/ul>\n\n\n\n<p><strong>3.-\u00bfQue criterios se sigue para atribuir la CUSTODIA DE LOS HIJOS?<\/strong><\/p>\n\n\n\n<p>En t\u00e9rminos generales, existe dos&nbsp;tipos&nbsp;custodia&nbsp;que\npodr\u00e1n ser solicitadas por cada uno de los progenitores:<\/p>\n\n\n\n<ul><li><strong>Guarda y&nbsp;custodia&nbsp;monoparental, <\/strong>&nbsp;que podr\u00e1 ser &nbsp;materna o paterna.<\/li><li><strong>Guarda y&nbsp;custodia&nbsp;compartida,<\/strong> que ser\u00e1 ejercida conjuntamente por ambos progenitores.<\/li><\/ul>\n\n\n\n<p>El r\u00e9gimen de custodia debe determinarse en cada caso concreto previo examen detallado de las circunstancias espec\u00edficas y particulares de cada familia y circunstancias.<\/p>\n\n\n\n<p>En los procesos contenciosos de Divorcio, la decisi\u00f3n judicial sobre el tipo de custodia a adoptar no es tarea f\u00e1cil, por ello, el Consejo General del Poder Judicial (CGPJ) ha publicado una&nbsp;<a rel=\"noreferrer noopener\" href=\"http:\/\/www.poderjudicial.es\/cgpj\/es\/Temas\/Igualdad-de-Genero\/Estadisticas--estudios-e-informes\/Estudios\/Guia-de-criterios-de-actuacion-judicial-en-materia-de-custodia-compartida\" target=\"_blank\"><strong>gu\u00eda de criterios de actuaci\u00f3n<\/strong><\/a>&nbsp;en materia de custodia de menores en&nbsp;procesos de separaci\u00f3n, divorcio o medidas sobre hijos en com\u00fan.<\/p>\n\n\n\n<p>Con esta gu\u00eda se pretende dotar a los Jueces de criterios pr\u00e1cticos&nbsp;<strong>para la adopci\u00f3n de las decisiones<\/strong>&nbsp;relativas a la custodia de los hijos.<\/p>\n\n\n\n<p>En este enlace pod\u00e9is consultar la gu\u00eda:<\/p>\n\n\n\n<ul><li><a href=\"http:\/\/www.poderjudicial.es\/cgpj\/es\/Temas\/Igualdad-de-Genero\/Estadisticas--estudios-e-informes\/Estudios\/\" class=\"aioseop-link\">http:\/\/www.poderjudicial.es\/cgpj\/es\/Temas\/Igualdad-de-Genero\/Estadisticas&#8211;estudios-e-informes\/Estudios\/<\/a><\/li><\/ul>\n\n\n\n<p><\/p>\n\n\n\n<p><strong>4.- \u00bfQue es la pensi\u00f3n de alimentos?\u00bfC\u00f3mo se calcula?<\/strong><\/p>\n\n\n\n<p><strong>5.-\u00bfQue son los gastos extraordinarios?<\/strong><\/p>\n\n\n\n<p>Son todos\naquellos que no pueden preverse, que siendo necesarios para la crianza y\neducaci\u00f3n de los hijos,&nbsp;son eventuales o no pueden determinarse al&nbsp;<a href=\"https:\/\/www.divorcios.me\/calculo-pension-alimenticia\/\">calcular la pensi\u00f3n de alimentos<\/a>.<\/p>\n\n\n\n<p>Los gastos\nextraordinarios pueden ser de dos tipos y en ambos casos,&nbsp;<strong>los\nprogenitores deber\u00e1n estar de acuerdo en realizarlos.<\/strong><\/p>\n\n\n\n<p><strong>1\u00ba)<\/strong> <strong>Gastos extraordinarios necesarios<\/strong>.\u00a0Son aquellos que, aun no pudiendo preverse, son\u00a0imprescindibles\u00a0para el desarrollo y formaci\u00f3n de los hijos. La obligaci\u00f3n de pago existe como consecuencia de su condici\u00f3n de necesarios. Por ejemplo:<\/p>\n\n\n\n<ul><li>Tratamientos m\u00e9dicos o facultativos no incluidos en la Seguridad Social o seguro privado, tales como logopeda, gafas, lentillas, aud\u00edfonos, psic\u00f3logo, fisioterapia o cualquier otro.<\/li><li>Intervenciones quir\u00fargicas de urgencia.<\/li><li>Clases de apoyo escolar recomendados por el centro educativo.<\/li><li>Tratamientos farmac\u00e9uticos no b\u00e1sicos con prescripci\u00f3n m\u00e9dica.<\/li><li>Carnet de conducir.<\/li><li>Clases y material para el aprendizaje de otro idioma (ingl\u00e9s).<\/li><\/ul>\n\n\n\n<p><strong>2\u00ba) Gastos extraordinarios no necesarios.<\/strong>&nbsp;Son aquellos que, a\u00fan no\npudiendo preverse, son&nbsp;<strong>convenientes<\/strong>&nbsp;para\nel desarrollo y formaci\u00f3n de los hijos. Por ejemplo:<\/p>\n\n\n\n<ul><li>Actividades\nextraescolares (deporte, inform\u00e1tica, baile\u2026).<\/li><li>Cursos de\nverano.<\/li><li>Estudios en\nel extranjero.<\/li><li>Viajes de\nestudios.<\/li><li>Celebraciones,\ntales como cumplea\u00f1os o Primera Comuni\u00f3n.<\/li><li>Carnet de\nconducir.<\/li><li>Oposiciones,\nm\u00e1steres, doctorados.<\/li><\/ul>\n\n\n\n<p>6.-<strong> \u00bfQuien se queda con el uso y disfrute de la vivienda familiar?<\/strong><\/p>\n\n\n\n<p><\/p>\n","protected":false},"excerpt":{"rendered":"<p>Divorciarse es una decisi\u00f3n dif\u00edcil de afrontar que plantea muchas dudas. Entre las preguntas m\u00e1s habituales se encuentran las siguientes: 1.- \u00bfPuedo divorciarme aunque mi c\u00f3nyuge no est\u00e9 de acuerdo? S\u00ed, no es necesaria justificar causa alguna para la separaci\u00f3n o el divorcio. Actualmente es suficiente con que uno de los c\u00f3nyuges solicite la separaci\u00f3n&#8230;<\/p>\n","protected":false},"author":1,"featured_media":0,"parent":0,"menu_order":0,"comment_status":"closed","ping_status":"closed","template":"","meta":[],"aioseo_notices":[],"_links":{"self":[{"href":"https:\/\/www.inesveraabogada.com\/index.php?rest_route=\/wp\/v2\/pages\/424"}],"collection":[{"href":"https:\/\/www.inesveraabogada.com\/index.php?rest_route=\/wp\/v2\/pages"}],"about":[{"href":"https:\/\/www.inesveraabogada.com\/index.php?rest_route=\/wp\/v2\/types\/page"}],"author":[{"embeddable":true,"href":"https:\/\/www.inesveraabogada.com\/index.php?rest_route=\/wp\/v2\/users\/1"}],"replies":[{"embeddable":true,"href":"https:\/\/www.inesveraabogada.com\/index.php?rest_route=%2Fwp%2Fv2%2Fcomments&post=424"}],"version-history":[{"count":19,"href":"https:\/\/www.inesveraabogada.com\/index.php?rest_route=\/wp\/v2\/pages\/424\/revisions"}],"predecessor-version":[{"id":598,"href":"https:\/\/www.inesveraabogada.com\/index.php?rest_route=\/wp\/v2\/pages\/424\/revisions\/598"}],"wp:attachment":[{"href":"https:\/\/www.inesveraabogada.com\/index.php?rest_route=%2Fwp%2Fv2%2Fmedia&parent=424"}],"curies":[{"name":"wp","href":"https:\/\/api.w.org\/{rel}","templated":true}]}}