{"id":43,"date":"2015-08-08T10:14:04","date_gmt":"2015-08-08T10:14:04","guid":{"rendered":"http:\/\/www.inesveraabogada.com\/?page_id=43"},"modified":"2021-03-10T09:28:02","modified_gmt":"2021-03-10T09:28:02","slug":"divorcio-2","status":"publish","type":"page","link":"https:\/\/www.inesveraabogada.com\/?page_id=43","title":{"rendered":"DIVORCIO DE MUTUO ACUERDO"},"content":{"rendered":"\n<h2><strong>Divorcio de mutuo acuerdo frente al divorcio contencioso<\/strong>.<\/h2>\n\n\n\n<p><strong>Ventajas<\/strong>. Simplifica los tr\u00e1mites judiciales, es m\u00e1s r\u00e1pido y econ\u00f3mico que un proceso contencioso, ambos pueden valerse de un solo abogado y procurador.  Disminuye los incumplimientos en el r\u00e9gimen de visitas y los impagos de pensiones, reduciendo enormemente los conflictos posteriores a la sentencia, a diferencia de los procesos contenciosos.<\/p>\n\n\n\n<p>Por todos estos motivos, en nuestro despacho siempre intentamos llegar a un acuerdo, agotando las posibilidades de negociar los t\u00e9rminos del convenio antes de iniciar un proceso judicial contencioso, salvo que las pretensiones sean frontalmente opuestas.<\/p>\n\n\n\n<div class=\"wp-block-media-text alignwide is-vertically-aligned-center\"><figure class=\"wp-block-media-text__media\"><img decoding=\"async\" loading=\"lazy\" width=\"1024\" height=\"683\" src=\"http:\/\/www.inesveraabogada.com\/wp-content\/uploads\/2020\/11\/AdobeStock_267042883-1024x683.jpeg\" alt=\"\" class=\"wp-image-440\" srcset=\"https:\/\/www.inesveraabogada.com\/wp-content\/uploads\/2020\/11\/AdobeStock_267042883-1024x683.jpeg 1024w, https:\/\/www.inesveraabogada.com\/wp-content\/uploads\/2020\/11\/AdobeStock_267042883-300x200.jpeg 300w, https:\/\/www.inesveraabogada.com\/wp-content\/uploads\/2020\/11\/AdobeStock_267042883-768x512.jpeg 768w, https:\/\/www.inesveraabogada.com\/wp-content\/uploads\/2020\/11\/AdobeStock_267042883-2048x1365.jpeg 2048w, https:\/\/www.inesveraabogada.com\/wp-content\/uploads\/2020\/11\/AdobeStock_267042883-380x252.jpeg 380w\" sizes=\"(max-width: 1024px) 100vw, 1024px\" \/><\/figure><div class=\"wp-block-media-text__content\">\n<p>En el divorcio de mutuo acuerdo debemos tener en cuenta que:<\/p>\n\n\n\n<ol><li>Deben haber transcurrido, al menos,\u00a03 meses\u00a0desde que se celebr\u00f3 el matrimonio (sea civil o religioso).<\/li><li>Ambos c\u00f3nyuges han de estar de acuerdo en divorciarse\u00a0y deben haber llegado a un acuerdo en cuanto a: <ul><li>Atribuci\u00f3n de la guarda y custodia de los hijos y r\u00e9gimen de visitas.<\/li><li>Atribuci\u00f3n de Uso de la vivienda familiar y su mobiliario.<\/li><li>Pensi\u00f3n alimenticia para los hijos (si los hay).<\/li><li>Pensi\u00f3n compensatoria para uno de los c\u00f3nyuges si se acuerda.<\/li><li>Tambi\u00e9n es posible la Liquidaci\u00f3n de los bienes econ\u00f3micos matrimoniales. <\/li><\/ul><\/li><li>En la actualidad\u00a0ya no es necesario separarse previamente\u00a0para divorciarse.<\/li><li>Documentaci\u00f3n necesaria:<ul><li>Libro de Familia<\/li><li>Fotocopia del DNI<\/li><li>Certificado RC de matrimonio y de nacimiento de los hijos.<\/li><li>Declaraci\u00f3n IRPF \u00faltimo a\u00f1o.<\/li><\/ul><ul><li>Poder General para Pleitos.<\/li><li>Datos de la vivienda familiar, hipoteca &#8230;.<\/li><\/ul><\/li><\/ol>\n<\/div><\/div>\n","protected":false},"excerpt":{"rendered":"<p>Divorcio de mutuo acuerdo frente al divorcio contencioso. Ventajas. Simplifica los tr\u00e1mites judiciales, es m\u00e1s r\u00e1pido y econ\u00f3mico que un proceso contencioso, ambos pueden valerse de un solo abogado y procurador. Disminuye los incumplimientos en el r\u00e9gimen de visitas y los impagos de pensiones, reduciendo enormemente los conflictos posteriores a la sentencia, a diferencia de&#8230;<\/p>\n","protected":false},"author":1,"featured_media":0,"parent":0,"menu_order":0,"comment_status":"closed","ping_status":"closed","template":"","meta":[],"aioseo_notices":[],"_links":{"self":[{"href":"https:\/\/www.inesveraabogada.com\/index.php?rest_route=\/wp\/v2\/pages\/43"}],"collection":[{"href":"https:\/\/www.inesveraabogada.com\/index.php?rest_route=\/wp\/v2\/pages"}],"about":[{"href":"https:\/\/www.inesveraabogada.com\/index.php?rest_route=\/wp\/v2\/types\/page"}],"author":[{"embeddable":true,"href":"https:\/\/www.inesveraabogada.com\/index.php?rest_route=\/wp\/v2\/users\/1"}],"replies":[{"embeddable":true,"href":"https:\/\/www.inesveraabogada.com\/index.php?rest_route=%2Fwp%2Fv2%2Fcomments&post=43"}],"version-history":[{"count":15,"href":"https:\/\/www.inesveraabogada.com\/index.php?rest_route=\/wp\/v2\/pages\/43\/revisions"}],"predecessor-version":[{"id":547,"href":"https:\/\/www.inesveraabogada.com\/index.php?rest_route=\/wp\/v2\/pages\/43\/revisions\/547"}],"wp:attachment":[{"href":"https:\/\/www.inesveraabogada.com\/index.php?rest_route=%2Fwp%2Fv2%2Fmedia&parent=43"}],"curies":[{"name":"wp","href":"https:\/\/api.w.org\/{rel}","templated":true}]}}